{"id":927,"date":"2018-10-25T19:32:36","date_gmt":"2018-10-25T19:32:36","guid":{"rendered":"http:\/\/www.thuiszorgmoc.nl\/site\/?page_id=927"},"modified":"2020-05-17T16:30:09","modified_gmt":"2020-05-17T16:30:09","slug":"clientenraad","status":"publish","type":"page","link":"https:\/\/www.thuiszorgmoc.nl\/site\/clientenraad\/","title":{"rendered":"Cl\u00efentenraad"},"content":{"rendered":"\t\t<div data-elementor-type=\"wp-post\" data-elementor-id=\"927\" class=\"elementor elementor-927\" data-elementor-settings=\"[]\">\n\t\t\t\t\t\t<div class=\"elementor-inner\">\n\t\t\t\t\t\t\t<div class=\"elementor-section-wrap\">\n\t\t\t\t\t\t\t<section class=\"elementor-section elementor-top-section elementor-element elementor-element-a3e72a2 elementor-section-height-min-height elementor-section-boxed elementor-section-height-default elementor-section-items-middle\" data-id=\"a3e72a2\" data-element_type=\"section\" data-settings=\"{&quot;background_background&quot;:&quot;classic&quot;}\">\n\t\t\t\t\t\t<div class=\"elementor-container elementor-column-gap-default\">\n\t\t\t\t\t\t\t<div class=\"elementor-row\">\n\t\t\t\t\t<div class=\"elementor-column elementor-col-100 elementor-top-column elementor-element elementor-element-2a29c73\" data-id=\"2a29c73\" data-element_type=\"column\">\n\t\t\t<div class=\"elementor-column-wrap\">\n\t\t\t\t\t\t\t<div class=\"elementor-widget-wrap\">\n\t\t\t\t\t\t\t\t<\/div>\n\t\t\t\t\t<\/div>\n\t\t<\/div>\n\t\t\t\t\t\t\t\t<\/div>\n\t\t\t\t\t<\/div>\n\t\t<\/section>\n\t\t\t\t<section class=\"elementor-section elementor-top-section elementor-element elementor-element-7a3af1c elementor-section-boxed elementor-section-height-default elementor-section-height-default\" data-id=\"7a3af1c\" data-element_type=\"section\">\n\t\t\t\t\t\t<div class=\"elementor-container elementor-column-gap-default\">\n\t\t\t\t\t\t\t<div class=\"elementor-row\">\n\t\t\t\t\t<div class=\"elementor-column elementor-col-100 elementor-top-column elementor-element elementor-element-52027fd\" data-id=\"52027fd\" data-element_type=\"column\">\n\t\t\t<div class=\"elementor-column-wrap elementor-element-populated\">\n\t\t\t\t\t\t\t<div class=\"elementor-widget-wrap\">\n\t\t\t\t\t\t<div class=\"elementor-element elementor-element-2435102 elementor-widget elementor-widget-spacer\" data-id=\"2435102\" data-element_type=\"widget\" data-widget_type=\"spacer.default\">\n\t\t\t\t<div class=\"elementor-widget-container\">\n\t\t\t\t\t<div class=\"elementor-spacer\">\n\t\t\t<div class=\"elementor-spacer-inner\"><\/div>\n\t\t<\/div>\n\t\t\t\t<\/div>\n\t\t\t\t<\/div>\n\t\t\t\t\t\t<\/div>\n\t\t\t\t\t<\/div>\n\t\t<\/div>\n\t\t\t\t\t\t\t\t<\/div>\n\t\t\t\t\t<\/div>\n\t\t<\/section>\n\t\t\t\t<section class=\"elementor-section elementor-top-section elementor-element elementor-element-09cabd1 elementor-section-boxed elementor-section-height-default elementor-section-height-default\" data-id=\"09cabd1\" data-element_type=\"section\">\n\t\t\t\t\t\t<div class=\"elementor-container elementor-column-gap-default\">\n\t\t\t\t\t\t\t<div class=\"elementor-row\">\n\t\t\t\t\t<div class=\"elementor-column elementor-col-66 elementor-top-column elementor-element elementor-element-371c533\" data-id=\"371c533\" data-element_type=\"column\">\n\t\t\t<div class=\"elementor-column-wrap elementor-element-populated\">\n\t\t\t\t\t\t\t<div class=\"elementor-widget-wrap\">\n\t\t\t\t\t\t<div class=\"elementor-element elementor-element-dc37a8d elementor-widget elementor-widget-heading\" data-id=\"dc37a8d\" data-element_type=\"widget\" data-widget_type=\"heading.default\">\n\t\t\t\t<div class=\"elementor-widget-container\">\n\t\t\t<h2 class=\"elementor-heading-title elementor-size-default\">Cli\u00ebntenraad<\/h2>\t\t<\/div>\n\t\t\t\t<\/div>\n\t\t\t\t<div class=\"elementor-element elementor-element-001cebc elementor-widget elementor-widget-text-editor\" data-id=\"001cebc\" data-element_type=\"widget\" data-widget_type=\"text-editor.default\">\n\t\t\t\t<div class=\"elementor-widget-container\">\n\t\t\t\t\t\t\t\t<div class=\"elementor-text-editor elementor-clearfix\">\n\t\t\t\t<p>Elke zorgaanbieder is wettelijk verplicht om een cli\u00ebntenraad samen te stellen op grond van de Wet Medezeggenschap Cli\u00ebnten Zorginstellingen (WMCZ). Binnen Thuiszorg M.O.C. is een cli\u00ebntenraad actief met als doel om de gemeenschappelijke belangen van de cli\u00ebnten te behartigen. De cli\u00ebntenraad is een serieuze gesprekspartner van het bestuur en heeft de wettelijke bevoegdheid om gevraagd en ongevraagd advies te geven aan de directie. Het uitgebrachte advies wordt meegenomen in de eindbeslissing en heeft zodoende invloed op het beleid van Thuiszorg M.O.C. Een lid van de directie is standaard aanwezig tijdens de vergadering, zodat de directie altijd direct op de hoogte is.<\/p>\t\t\t\t\t<\/div>\n\t\t\t\t\t\t<\/div>\n\t\t\t\t<\/div>\n\t\t\t\t<div class=\"elementor-element elementor-element-34dbd10 elementor-widget elementor-widget-heading\" data-id=\"34dbd10\" data-element_type=\"widget\" data-widget_type=\"heading.default\">\n\t\t\t\t<div class=\"elementor-widget-container\">\n\t\t\t<h2 class=\"elementor-heading-title elementor-size-default\">Goed overleg<\/h2>\t\t<\/div>\n\t\t\t\t<\/div>\n\t\t\t\t<div class=\"elementor-element elementor-element-0f143d0 elementor-widget elementor-widget-text-editor\" data-id=\"0f143d0\" data-element_type=\"widget\" data-widget_type=\"text-editor.default\">\n\t\t\t\t<div class=\"elementor-widget-container\">\n\t\t\t\t\t\t\t\t<div class=\"elementor-text-editor elementor-clearfix\">\n\t\t\t\t<p>In de cli\u00ebntenraad zit iedereen die zich verbonden voelt met de werkzaamheden van Thuiszorg M.O.C. Dit kunnen onder andere zijn: cli\u00ebnten, wettelijke vertegenwoordigers en familieleden. De medewerkers van Thuiszorg M.O.C. nemen geen plaats in de cli\u00ebntenraad, maar kunnen op verzoek van de leden aanwezig zijn tijdens een vergadering. De cli\u00ebntenraad komt eens in de drie maanden samen om te overleggen.\u00a0<\/p><p>Tijdens de vergaderingen worden belangrijke zaken besproken waarin de belangen van de cli\u00ebnten, naasten en betrokkenen voorop staan. In de cli\u00ebntenraad worden onder andere de volgende zaken besproken:<\/p><ul><li>Verbeteracties betreft de werkzaamheden van de zorgprofessionals<\/li><li>Veiligheid<\/li><li>Gezondheid en hygi\u00ebne<\/li><li>Terugkerende problemen<\/li><li>Beleid betreft de zorginnovatie<\/li><li>Service en klanttevredenheid<\/li><li>Kwaliteit<\/li><li>Bereikbaarheid en beschikbaarheid<\/li><li>Betaalbaarheid<\/li><li>Belangrijke wijziging binnen de organisatie<\/li><\/ul><p>Tevens houdt de cli\u00ebntenraad op deze manier de dienstverlening in de gaten. Door goed overleg te voeren met de cli\u00ebntenraad is Thuiszorg M.O.C. altijd op de hoogte van de belangen en de wensen van de cli\u00ebnten en andere betrokkenen. De cli\u00ebntenraad is de verbindende schakel met als doel om de cli\u00ebnten en Thuiszorg M.O.C. dichter bij elkaar te brengen.<\/p>\t\t\t\t\t<\/div>\n\t\t\t\t\t\t<\/div>\n\t\t\t\t<\/div>\n\t\t\t\t<div class=\"elementor-element elementor-element-f2d4894 elementor-widget elementor-widget-heading\" data-id=\"f2d4894\" data-element_type=\"widget\" data-widget_type=\"heading.default\">\n\t\t\t\t<div class=\"elementor-widget-container\">\n\t\t\t<h2 class=\"elementor-heading-title elementor-size-default\">Meer informatie<\/h2>\t\t<\/div>\n\t\t\t\t<\/div>\n\t\t\t\t<div class=\"elementor-element elementor-element-a145059 elementor-widget elementor-widget-text-editor\" data-id=\"a145059\" data-element_type=\"widget\" data-widget_type=\"text-editor.default\">\n\t\t\t\t<div class=\"elementor-widget-container\">\n\t\t\t\t\t\t\t\t<div class=\"elementor-text-editor elementor-clearfix\">\n\t\t\t\t<p><span lang=\"NL\">Reglement Cli\u00ebntenraad Thuiszorg M.O.C.\u00a0\u2192<\/span><br \/><a href=\"https:\/\/wetten.overheid.nl\/BWBR0007920\/2016-01-01\"><span lang=\"EN-GB\">WMCZ\u00a0\u2192<\/span><\/a><\/p>\t\t\t\t\t<\/div>\n\t\t\t\t\t\t<\/div>\n\t\t\t\t<\/div>\n\t\t\t\t<div class=\"elementor-element elementor-element-b754a2f elementor-widget elementor-widget-spacer\" data-id=\"b754a2f\" data-element_type=\"widget\" data-widget_type=\"spacer.default\">\n\t\t\t\t<div class=\"elementor-widget-container\">\n\t\t\t\t\t<div class=\"elementor-spacer\">\n\t\t\t<div class=\"elementor-spacer-inner\"><\/div>\n\t\t<\/div>\n\t\t\t\t<\/div>\n\t\t\t\t<\/div>\n\t\t\t\t\t\t<\/div>\n\t\t\t\t\t<\/div>\n\t\t<\/div>\n\t\t\t\t<div class=\"elementor-column elementor-col-33 elementor-top-column elementor-element elementor-element-8631494\" data-id=\"8631494\" data-element_type=\"column\">\n\t\t\t<div class=\"elementor-column-wrap\">\n\t\t\t\t\t\t\t<div class=\"elementor-widget-wrap\">\n\t\t\t\t\t\t\t\t<\/div>\n\t\t\t\t\t<\/div>\n\t\t<\/div>\n\t\t\t\t\t\t\t\t<\/div>\n\t\t\t\t\t<\/div>\n\t\t<\/section>\n\t\t\t\t\t\t<\/div>\n\t\t\t\t\t\t<\/div>\n\t\t\t\t\t<\/div>\n\t\t","protected":false},"excerpt":{"rendered":"<p>Cli\u00ebntenraad Elke zorgaanbieder is wettelijk verplicht om een cli\u00ebntenraad samen te stellen op grond van de Wet Medezeggenschap Cli\u00ebnten Zorginstellingen (WMCZ). Binnen Thuiszorg M.O.C. is een cli\u00ebntenraad actief met als doel om de gemeenschappelijke belangen van de cli\u00ebnten te behartigen. De cli\u00ebntenraad is een serieuze gesprekspartner van het bestuur en heeft de wettelijke bevoegdheid om [&hellip;]<\/p>\n","protected":false},"author":1,"featured_media":0,"parent":0,"menu_order":0,"comment_status":"closed","ping_status":"closed","template":"","meta":{"footnotes":""},"class_list":["post-927","page","type-page","status-publish","hentry","entry"],"_links":{"self":[{"href":"https:\/\/www.thuiszorgmoc.nl\/site\/wp-json\/wp\/v2\/pages\/927","targetHints":{"allow":["GET"]}}],"collection":[{"href":"https:\/\/www.thuiszorgmoc.nl\/site\/wp-json\/wp\/v2\/pages"}],"about":[{"href":"https:\/\/www.thuiszorgmoc.nl\/site\/wp-json\/wp\/v2\/types\/page"}],"author":[{"embeddable":true,"href":"https:\/\/www.thuiszorgmoc.nl\/site\/wp-json\/wp\/v2\/users\/1"}],"replies":[{"embeddable":true,"href":"https:\/\/www.thuiszorgmoc.nl\/site\/wp-json\/wp\/v2\/comments?post=927"}],"version-history":[{"count":15,"href":"https:\/\/www.thuiszorgmoc.nl\/site\/wp-json\/wp\/v2\/pages\/927\/revisions"}],"predecessor-version":[{"id":1298,"href":"https:\/\/www.thuiszorgmoc.nl\/site\/wp-json\/wp\/v2\/pages\/927\/revisions\/1298"}],"wp:attachment":[{"href":"https:\/\/www.thuiszorgmoc.nl\/site\/wp-json\/wp\/v2\/media?parent=927"}],"curies":[{"name":"wp","href":"https:\/\/api.w.org\/{rel}","templated":true}]}}